{"id":2683,"date":"2023-11-24T15:09:14","date_gmt":"2023-11-24T14:09:14","guid":{"rendered":"https:\/\/zuinigoppootgoed.nl\/stresstest\/"},"modified":"2024-01-31T18:32:28","modified_gmt":"2024-01-31T17:32:28","slug":"stresstest","status":"publish","type":"page","link":"https:\/\/zuinigoppootgoed.nl\/de\/stresstest\/","title":{"rendered":"Stresstest"},"content":{"rendered":"<p>[et_pb_section fb_built=&#8220;1&#8243; _builder_version=&#8220;4.23.1&#8243; _module_preset=&#8220;default&#8220; background_color=&#8220;RGBA(255,255,255,0)&#8220; custom_padding=&#8220;0px||0px||false|false&#8220; global_colors_info=&#8220;{}&#8220;][et_pb_row column_structure=&#8220;2_5,3_5&#8243; custom_padding_last_edited=&#8220;on|tablet&#8220; module_class=&#8220;gradient-top&#8220; _builder_version=&#8220;4.23.1&#8243; _module_preset=&#8220;default&#8220; width=&#8220;95%&#8220; width_tablet=&#8220;80%&#8220; width_phone=&#8220;95%&#8220; width_last_edited=&#8220;on|phone&#8220; max_width=&#8220;95%&#8220; max_width_tablet=&#8220;80%&#8220; max_width_phone=&#8220;95%&#8220; max_width_last_edited=&#8220;on|tablet&#8220; height=&#8220;100vh&#8220; height_tablet=&#8220;auto&#8220; height_phone=&#8220;auto&#8220; height_last_edited=&#8220;on|tablet&#8220; custom_padding=&#8220;0px||0px|90px|true|false&#8220; custom_padding_tablet=&#8220;0px|0px|0px|0px|true|true&#8220; custom_padding_phone=&#8220;0px|0px|0px|0px|true|true&#8220; global_colors_info=&#8220;{}&#8220;][et_pb_column type=&#8220;2_5&#8243; admin_label=&#8220;Scroll effect desktop&#8220; _builder_version=&#8220;4.23.1&#8243; _module_preset=&#8220;default&#8220; positioning=&#8220;none&#8220; custom_padding=&#8220;20vh||||false|false&#8220; custom_padding_tablet=&#8220;20vh||||false|false&#8220; custom_padding_phone=&#8220;25vh||||false|false&#8220; custom_padding_last_edited=&#8220;on|phone&#8220; sticky_position=&#8220;top&#8220; sticky_limit_top=&#8220;section&#8220; sticky_offset_surrounding=&#8220;off&#8220; sticky_transition=&#8220;off&#8220; sticky_position_tablet=&#8220;none&#8220; sticky_position_phone=&#8220;none&#8220; sticky_position_last_edited=&#8220;on|tablet&#8220; global_colors_info=&#8220;{}&#8220;][et_pb_text _builder_version=&#8220;4.23.1&#8243; _module_preset=&#8220;default&#8220; header_font_size=&#8220;38.01px&#8220; z_index=&#8220;2&#8243; custom_margin=&#8220;||15px||false|false&#8220; custom_padding=&#8220;||||false|false&#8220; global_colors_info=&#8220;{}&#8220;]<\/p>\n<h1>Stresstest erkennt schwache Partien<\/h1>\n<p>[\/et_pb_text][et_pb_text _builder_version=&#8220;4.23.1&#8243; _module_preset=&#8220;default&#8220; text_text_color=&#8220;#3CD072&#8243; text_font_size=&#8220;26px&#8220; text_line_height=&#8220;1.58em&#8220; z_index=&#8220;2&#8243; max_width=&#8220;460px&#8220; max_width_tablet=&#8220;100%&#8220; max_width_phone=&#8220;100%&#8220; max_width_last_edited=&#8220;on|tablet&#8220; text_font_size_tablet=&#8220;26px&#8220; text_font_size_phone=&#8220;24px&#8220; text_font_size_last_edited=&#8220;on|phone&#8220; text_line_height_tablet=&#8220;1.58em&#8220; text_line_height_phone=&#8220;1.7em&#8220; text_line_height_last_edited=&#8220;on|phone&#8220; global_colors_info=&#8220;{}&#8220;]<\/p>\n<p>Pflanzkartoffeln, bei denen Zweifel an der Vitalit\u00e4t bestehen, werden vom Handelsunternehmen einem Stresstest unterzogen. Nach positiver Begutachtung sind sie weiterhin f\u00fcr den Verkauf vorbereitet.<\/p>\n<p>[\/et_pb_text][\/et_pb_column][et_pb_column type=&#8220;3_5&#8243; admin_label=&#8220;Kolom&#8220; _builder_version=&#8220;4.23.1&#8243; _module_preset=&#8220;default&#8220; z_index=&#8220;1&#8243; custom_padding=&#8220;||4vh||false|false&#8220; custom_css_main_element=&#8220;padding-top: calc(20vh + 75px);&#8220; global_colors_info=&#8220;{}&#8220; custom_css_main_element_last_edited=&#8220;on|tablet&#8220; custom_css_main_element_tablet=&#8220;padding-top: 0px;&#8220; custom_css_main_element_phone=&#8220;padding-top: 0px;&#8220;][et_pb_text _builder_version=&#8220;4.23.1&#8243; _module_preset=&#8220;default&#8220; max_width=&#8220;830px&#8220; hover_enabled=&#8220;0&#8243; global_colors_info=&#8220;{}&#8220; sticky_enabled=&#8220;0&#8243;]<\/p>\n<p>Im Jahr 2016 gab es viele Probleme beim Auflaufen im Speisekartoffelanbau. Lieferanten und K\u00e4ufer von Pflanzkartoffeln haben sich daher dazu entschlossen, gemeinsam mit der NAK das \u201eKetenproject verbetering pootgoedkwaliteit\u201c (Kettenprojekt zur Verbesserung der Pflanzkartoffelqualit\u00e4t) zu starten. Dazu geh\u00f6rte die Entwicklung eines Stresstests, um die Vitalit\u00e4t von Pflanzkartoffeln zu bestimmen, bevor diese den Betrieb des Pflanzkartoffelz\u00fcchters verlassen. Der Stresstest wird nun eingesetzt, um schutzbed\u00fcrftige Pflanzkartoffel-Partien zu erkennen. M\u00f6chten Sie mehr \u00fcber den Stresstest wissen? Der Forscher Johannes Ransijn erl\u00e4utert die Studie, die der Entwicklung eines Stresstests f\u00fcr Pflanzkartoffeln zugrunde liegt (Niederl\u00e4ndisch gesprochen). <\/p>\n<p>[\/et_pb_text][et_pb_image src=&#8220;https:\/\/zuinigoppootgoed.nl\/wp-content\/uploads\/2023\/11\/video-pootgoedperfectie-1.jpg&#8220; alt=&#8220;Sehen Sie sich die Geschichte eines Landwirte an&#8220; _builder_version=&#8220;4.23.1&#8243; _module_preset=&#8220;default&#8220; hover_enabled=&#8220;0&#8243; dsm_modules_popup=&#8220;on&#8220; dsm_modules_popup_type=&#8220;video&#8220; dsm_modules_popup_video_url=&#8220;https:\/\/player.vimeo.com\/video\/892227862&#8243; global_colors_info=&#8220;{}&#8220; sticky_enabled=&#8220;0&#8243;][\/et_pb_image][et_pb_divider show_divider=&#8220;off&#8220; _builder_version=&#8220;4.23.1&#8243; _module_preset=&#8220;default&#8220; hover_enabled=&#8220;0&#8243; global_colors_info=&#8220;{}&#8220; sticky_enabled=&#8220;0&#8243;][\/et_pb_divider][et_pb_divider show_divider=&#8220;off&#8220; _builder_version=&#8220;4.23.1&#8243; _module_preset=&#8220;default&#8220; global_colors_info=&#8220;{}&#8220;][\/et_pb_divider][\/et_pb_column][\/et_pb_row][\/et_pb_section]<\/p>\n","protected":false},"excerpt":{"rendered":"<p>Stresstest erkennt schwache PartienPflanzkartoffeln, bei denen Zweifel an der Vitalit\u00e4t bestehen, werden vom Handelsunternehmen einem Stresstest unterzogen. Nach positiver Begutachtung sind sie weiterhin f\u00fcr den Verkauf vorbereitet.Im Jahr 2016 gab es viele Probleme beim Auflaufen im Speisekartoffelanbau. Lieferanten und K\u00e4ufer von Pflanzkartoffeln haben sich daher dazu entschlossen, gemeinsam mit der NAK das \u201eKetenproject verbetering pootgoedkwaliteit\u201c [&hellip;]<\/p>\n","protected":false},"author":2,"featured_media":0,"parent":0,"menu_order":0,"comment_status":"closed","ping_status":"closed","template":"","meta":{"_et_pb_use_builder":"on","_et_pb_old_content":"","_et_gb_content_width":"","footnotes":""},"class_list":["post-2683","page","type-page","status-publish","hentry"],"_links":{"self":[{"href":"https:\/\/zuinigoppootgoed.nl\/de\/wp-json\/wp\/v2\/pages\/2683","targetHints":{"allow":["GET"]}}],"collection":[{"href":"https:\/\/zuinigoppootgoed.nl\/de\/wp-json\/wp\/v2\/pages"}],"about":[{"href":"https:\/\/zuinigoppootgoed.nl\/de\/wp-json\/wp\/v2\/types\/page"}],"author":[{"embeddable":true,"href":"https:\/\/zuinigoppootgoed.nl\/de\/wp-json\/wp\/v2\/users\/2"}],"replies":[{"embeddable":true,"href":"https:\/\/zuinigoppootgoed.nl\/de\/wp-json\/wp\/v2\/comments?post=2683"}],"version-history":[{"count":25,"href":"https:\/\/zuinigoppootgoed.nl\/de\/wp-json\/wp\/v2\/pages\/2683\/revisions"}],"predecessor-version":[{"id":3608,"href":"https:\/\/zuinigoppootgoed.nl\/de\/wp-json\/wp\/v2\/pages\/2683\/revisions\/3608"}],"wp:attachment":[{"href":"https:\/\/zuinigoppootgoed.nl\/de\/wp-json\/wp\/v2\/media?parent=2683"}],"curies":[{"name":"wp","href":"https:\/\/api.w.org\/{rel}","templated":true}]}}