{"id":2689,"date":"2023-12-05T16:15:45","date_gmt":"2023-12-05T15:15:45","guid":{"rendered":"https:\/\/zuinigoppootgoed.nl\/checklist\/"},"modified":"2024-02-01T13:34:49","modified_gmt":"2024-02-01T12:34:49","slug":"checklist","status":"publish","type":"page","link":"https:\/\/zuinigoppootgoed.nl\/de\/checklist\/","title":{"rendered":"Checkliste"},"content":{"rendered":"<p>[et_pb_section fb_built=&#8220;1&#8243; _builder_version=&#8220;4.23.1&#8243; _module_preset=&#8220;default&#8220; background_color=&#8220;RGBA(255,255,255,0)&#8220; custom_padding=&#8220;0px||0px||false|false&#8220; global_colors_info=&#8220;{}&#8220;][et_pb_row column_structure=&#8220;2_5,3_5&#8243; custom_padding_last_edited=&#8220;on|tablet&#8220; module_class=&#8220;gradient-top&#8220; _builder_version=&#8220;4.23.1&#8243; _module_preset=&#8220;default&#8220; width=&#8220;95%&#8220; width_tablet=&#8220;80%&#8220; width_phone=&#8220;95%&#8220; width_last_edited=&#8220;on|phone&#8220; max_width=&#8220;95%&#8220; max_width_tablet=&#8220;80%&#8220; max_width_phone=&#8220;95%&#8220; max_width_last_edited=&#8220;on|tablet&#8220; height=&#8220;100vh&#8220; height_tablet=&#8220;auto&#8220; height_phone=&#8220;auto&#8220; height_last_edited=&#8220;on|tablet&#8220; custom_padding=&#8220;0px||0px|90px|true|false&#8220; custom_padding_tablet=&#8220;0px|0px|0px|0px|true|true&#8220; custom_padding_phone=&#8220;0px|0px|0px|0px|true|true&#8220; global_colors_info=&#8220;{}&#8220;][et_pb_column type=&#8220;2_5&#8243; admin_label=&#8220;Scroll effect desktop&#8220; _builder_version=&#8220;4.23.1&#8243; _module_preset=&#8220;default&#8220; positioning=&#8220;none&#8220; custom_padding=&#8220;20vh||||false|false&#8220; custom_padding_tablet=&#8220;20vh||||false|false&#8220; custom_padding_phone=&#8220;25vh||||false|false&#8220; custom_padding_last_edited=&#8220;on|phone&#8220; sticky_position=&#8220;top&#8220; sticky_limit_top=&#8220;section&#8220; sticky_offset_surrounding=&#8220;off&#8220; sticky_transition=&#8220;off&#8220; sticky_position_tablet=&#8220;none&#8220; sticky_position_phone=&#8220;none&#8220; sticky_position_last_edited=&#8220;on|tablet&#8220; global_colors_info=&#8220;{}&#8220;][et_pb_text _builder_version=&#8220;4.23.1&#8243; _module_preset=&#8220;default&#8220; header_font_size=&#8220;38.01px&#8220; z_index=&#8220;2&#8243; custom_margin=&#8220;||15px||false|false&#8220; custom_padding=&#8220;||||false|false&#8220; global_colors_info=&#8220;{}&#8220;]<\/p>\n<h1>Checkliste<\/h1>\n<p>[\/et_pb_text][et_pb_text _builder_version=&#8220;4.23.1&#8243; _module_preset=&#8220;default&#8220; text_text_color=&#8220;#3CD072&#8243; text_font_size=&#8220;26px&#8220; text_line_height=&#8220;1.58em&#8220; z_index=&#8220;2&#8243; max_width=&#8220;460px&#8220; max_width_tablet=&#8220;100%&#8220; max_width_phone=&#8220;100%&#8220; max_width_last_edited=&#8220;on|tablet&#8220; custom_padding=&#8220;||0px|||&#8220; text_font_size_tablet=&#8220;26px&#8220; text_font_size_phone=&#8220;24px&#8220; text_font_size_last_edited=&#8220;on|phone&#8220; text_line_height_tablet=&#8220;1.58em&#8220; text_line_height_phone=&#8220;1.7em&#8220; text_line_height_last_edited=&#8220;on|phone&#8220; global_colors_info=&#8220;{}&#8220;]<\/p>\n<p>Die Qualit\u00e4t von Pflanzkartoffeln wird durch die Art und Weise beeinflusst, wie der Pflanzkartoffelerzeuger, der Transporteur und der Verbraucheranbauer mit ihnen umgehen. Jedes Glied in der Kette tr\u00e4gt seine eigene Verantwortung. Die Checkliste zeigt dies in einer \u00dcbersicht.<\/p>\n<p>[\/et_pb_text][\/et_pb_column][et_pb_column type=&#8220;3_5&#8243; admin_label=&#8220;Kolom&#8220; _builder_version=&#8220;4.23.1&#8243; _module_preset=&#8220;default&#8220; z_index=&#8220;1&#8243; custom_padding=&#8220;||4vh||false|false&#8220; custom_css_main_element=&#8220;padding-top: calc(20vh + 75px);&#8220; global_colors_info=&#8220;{}&#8220; custom_css_main_element_last_edited=&#8220;on|tablet&#8220; custom_css_main_element_tablet=&#8220;padding-top: 0px;&#8220; custom_css_main_element_phone=&#8220;padding-top: 0px;&#8220;][et_pb_text content_tablet=&#8220;<\/p>\n<p><strong><span style=%22font-family: inherit;%22>N\u00fctzliche Checkliste<\/span><\/strong><\/p>\n<p><a href=%22https:\/\/zuinigoppootgoed.nl\/wp-content\/uploads\/2024\/01\/NAO-2503B-DE_LR.pdf%22 data-et-target-link=%22_blank%22 rel=%22noopener%22><img class=%22wp-image-3252 size-medium alignright%22 src=%22https:\/\/zuinigoppootgoed.nl\/wp-content\/uploads\/2024\/01\/NAO-2503-mockup-vrijstaand-300x224.png%22 alt=%22%22 width=%22300%22 height=%22224%22><\/a>Ein pfleglicher Umgang mit Pflanzkartoffeln verringert die Wahrscheinlichkeit, dass sich die Qualit\u00e4t einer Partie verschlechtert. Es wurde eine praktische Checkliste mit interessanten Punkten und praktischen Tipps f\u00fcr Pflanzkartoffelbauern, Logistikunternehmen und Speisekartoffelbauern erstellt. Profitieren Sie davon.<\/p>\n<p>&#8220; content_phone=&#8220;<\/p>\n<p><strong><span style=%22font-family: inherit;%22>N\u00fctzliche Checkliste<\/span><\/strong><\/p>\n<p>Ein pfleglicher Umgang mit Pflanzkartoffeln verringert die Wahrscheinlichkeit, dass sich die Qualit\u00e4t einer Partie verschlechtert. Es wurde eine praktische Checkliste mit interessanten Punkten und praktischen Tipps f\u00fcr Pflanzkartoffelbauern, Logistikunternehmen und Speisekartoffelbauern erstellt. Profitieren Sie davon.<\/p>\n<p><a href=%22https:\/\/zuinigoppootgoed.nl\/wp-content\/uploads\/2024\/01\/NAO-2503B-DE_LR.pdf%22 data-et-target-link=%22_blank%22 rel=%22noopener%22><img class=%22alignnone wp-image-3252 size-medium%22 src=%22https:\/\/zuinigoppootgoed.nl\/wp-content\/uploads\/2024\/01\/NAO-2503-mockup-vrijstaand-300x224.png%22 alt=%22%22 width=%22300%22 height=%22224%22><\/a><\/p>\n<p>&#8220; content_last_edited=&#8220;on|tablet&#8220; _builder_version=&#8220;4.23.1&#8243; _module_preset=&#8220;default&#8220; max_width=&#8220;830px&#8220; custom_padding=&#8220;7px|||||&#8220; global_colors_info=&#8220;{}&#8220;]<\/p>\n<p><strong><span style=\"font-family: inherit;\">N\u00fctzliche Checkliste<\/span><\/strong><\/p>\n<p><a href=\"https:\/\/zuinigoppootgoed.nl\/wp-content\/uploads\/2024\/01\/NAO-2503B-DE_LR.pdf\" target=\"_blank\" rel=\"noopener\"><img loading=\"lazy\" decoding=\"async\" class=\"wp-image-3252 size-medium alignright\" src=\"https:\/\/zuinigoppootgoed.nl\/wp-content\/uploads\/2024\/01\/NAO-2503-mockup-vrijstaand-300x224.png\" alt=\"\" width=\"300\" height=\"224\"><\/a>Ein pfleglicher Umgang mit Pflanzkartoffeln verringert die Wahrscheinlichkeit, dass sich die Qualit\u00e4t einer Partie verschlechtert. Es wurde eine praktische Checkliste mit interessanten Punkten und praktischen Tipps f\u00fcr Pflanzkartoffelbauern, Logistikunternehmen und Speisekartoffelbauern erstellt. Profitieren Sie davon.<\/p>\n<p>[\/et_pb_text][et_pb_button button_url=&#8220;https:\/\/zuinigoppootgoed.nl\/wp-content\/uploads\/2024\/01\/NAO-2503B-DE_LR.pdf&#8220; url_new_window=&#8220;on&#8220; button_text=&#8220;Checkliste herunterladen&#8220; admin_label=&#8220;Knop&#8220; _builder_version=&#8220;4.23.1&#8243; _module_preset=&#8220;default&#8220; global_colors_info=&#8220;{}&#8220;][\/et_pb_button][et_pb_divider show_divider=&#8220;off&#8220; _builder_version=&#8220;4.23.1&#8243; _module_preset=&#8220;default&#8220; height=&#8220;250px&#8220; global_colors_info=&#8220;{}&#8220;][\/et_pb_divider][\/et_pb_column][\/et_pb_row][\/et_pb_section]<\/p>\n","protected":false},"excerpt":{"rendered":"<p>ChecklisteDie Qualit\u00e4t von Pflanzkartoffeln wird durch die Art und Weise beeinflusst, wie der Pflanzkartoffelerzeuger, der Transporteur und der Verbraucheranbauer mit ihnen umgehen. Jedes Glied in der Kette tr\u00e4gt seine eigene Verantwortung. Die Checkliste zeigt dies in einer \u00dcbersicht.N\u00fctzliche Checkliste Ein pfleglicher Umgang mit Pflanzkartoffeln verringert die Wahrscheinlichkeit, dass sich die Qualit\u00e4t einer Partie verschlechtert. Es [&hellip;]<\/p>\n","protected":false},"author":3,"featured_media":0,"parent":0,"menu_order":0,"comment_status":"closed","ping_status":"closed","template":"","meta":{"_et_pb_use_builder":"on","_et_pb_old_content":"","_et_gb_content_width":"","footnotes":""},"class_list":["post-2689","page","type-page","status-publish","hentry"],"_links":{"self":[{"href":"https:\/\/zuinigoppootgoed.nl\/de\/wp-json\/wp\/v2\/pages\/2689","targetHints":{"allow":["GET"]}}],"collection":[{"href":"https:\/\/zuinigoppootgoed.nl\/de\/wp-json\/wp\/v2\/pages"}],"about":[{"href":"https:\/\/zuinigoppootgoed.nl\/de\/wp-json\/wp\/v2\/types\/page"}],"author":[{"embeddable":true,"href":"https:\/\/zuinigoppootgoed.nl\/de\/wp-json\/wp\/v2\/users\/3"}],"replies":[{"embeddable":true,"href":"https:\/\/zuinigoppootgoed.nl\/de\/wp-json\/wp\/v2\/comments?post=2689"}],"version-history":[{"count":35,"href":"https:\/\/zuinigoppootgoed.nl\/de\/wp-json\/wp\/v2\/pages\/2689\/revisions"}],"predecessor-version":[{"id":3854,"href":"https:\/\/zuinigoppootgoed.nl\/de\/wp-json\/wp\/v2\/pages\/2689\/revisions\/3854"}],"wp:attachment":[{"href":"https:\/\/zuinigoppootgoed.nl\/de\/wp-json\/wp\/v2\/media?parent=2689"}],"curies":[{"name":"wp","href":"https:\/\/api.w.org\/{rel}","templated":true}]}}