{"id":2708,"date":"2023-11-24T15:09:03","date_gmt":"2023-11-24T14:09:03","guid":{"rendered":"https:\/\/zuinigoppootgoed.nl\/over-het-ketenproject\/"},"modified":"2024-01-31T14:17:19","modified_gmt":"2024-01-31T13:17:19","slug":"over-het-ketenproject","status":"publish","type":"page","link":"https:\/\/zuinigoppootgoed.nl\/de\/over-het-ketenproject\/","title":{"rendered":"\u00dcber das kettenprojekt"},"content":{"rendered":"<p>[et_pb_section fb_built=&#8220;1&#8243; _builder_version=&#8220;4.23.1&#8243; _module_preset=&#8220;default&#8220; background_color=&#8220;RGBA(255,255,255,0)&#8220; custom_padding=&#8220;0px||0px||false|false&#8220; global_colors_info=&#8220;{}&#8220;][et_pb_row column_structure=&#8220;2_5,3_5&#8243; custom_padding_last_edited=&#8220;on|tablet&#8220; module_class=&#8220;gradient-top&#8220; _builder_version=&#8220;4.23.1&#8243; _module_preset=&#8220;default&#8220; width=&#8220;95%&#8220; width_tablet=&#8220;80%&#8220; width_phone=&#8220;95%&#8220; width_last_edited=&#8220;on|phone&#8220; max_width=&#8220;95%&#8220; max_width_tablet=&#8220;80%&#8220; max_width_phone=&#8220;95%&#8220; max_width_last_edited=&#8220;on|tablet&#8220; height=&#8220;100vh&#8220; height_tablet=&#8220;auto&#8220; height_phone=&#8220;auto&#8220; height_last_edited=&#8220;on|tablet&#8220; custom_padding=&#8220;0px||0px|90px|true|false&#8220; custom_padding_tablet=&#8220;0px|0px|0px|0px|true|true&#8220; custom_padding_phone=&#8220;0px|0px|0px|0px|true|true&#8220; global_colors_info=&#8220;{}&#8220;][et_pb_column type=&#8220;2_5&#8243; admin_label=&#8220;Scroll effect desktop&#8220; _builder_version=&#8220;4.23.1&#8243; _module_preset=&#8220;default&#8220; positioning=&#8220;none&#8220; custom_padding=&#8220;20vh||||false|false&#8220; custom_padding_tablet=&#8220;20vh||||false|false&#8220; custom_padding_phone=&#8220;25vh||||false|false&#8220; custom_padding_last_edited=&#8220;on|phone&#8220; sticky_position=&#8220;top&#8220; sticky_limit_top=&#8220;section&#8220; sticky_offset_surrounding=&#8220;off&#8220; sticky_transition=&#8220;off&#8220; sticky_position_tablet=&#8220;none&#8220; sticky_position_phone=&#8220;none&#8220; sticky_position_last_edited=&#8220;on|tablet&#8220; global_colors_info=&#8220;{}&#8220;][et_pb_text _builder_version=&#8220;4.23.1&#8243; _module_preset=&#8220;default&#8220; header_font_size=&#8220;38.01px&#8220; custom_margin=&#8220;||15px||false|false&#8220; custom_padding=&#8220;||||false|false&#8220; global_colors_info=&#8220;{}&#8220;]<\/p>\n<h1>Die Kette hat einen Einfluss auf die Qualit\u00e4t der Planzkartoffeln<\/h1>\n<p>[\/et_pb_text][et_pb_text _builder_version=&#8220;4.23.1&#8243; _module_preset=&#8220;f81d4ec9-75fd-44a2-91ae-0ff353e7b053&#8243; global_colors_info=&#8220;{}&#8220;]<\/p>\n<p>Der schlechte Aufgang von Speisekartoffeln ist vor allem auf die vielen Belastungen zur\u00fcckzuf\u00fchren, denen die Pflanzkartoffeln bis zur Pflanzung ausgesetzt sind. Einen Einfluss darauf haben Pflanzkartoffelerzeuger, Transportunternehmen und Speisekartoffelanbauer.<\/p>\n<p>[\/et_pb_text][\/et_pb_column][et_pb_column type=&#8220;3_5&#8243; admin_label=&#8220;Kolom&#8220; _builder_version=&#8220;4.23.1&#8243; _module_preset=&#8220;default&#8220; z_index=&#8220;1&#8243; custom_padding=&#8220;||4vh||false|false&#8220; custom_css_main_element=&#8220;padding-top: calc(20vh + 75px);&#8220; global_colors_info=&#8220;{}&#8220; custom_css_main_element_last_edited=&#8220;on|tablet&#8220; custom_css_main_element_tablet=&#8220;padding-top: 0px;&#8220; custom_css_main_element_phone=&#8220;padding-top: 0px;&#8220;][et_pb_text admin_label=&#8220;Tekst&#8220; _builder_version=&#8220;4.23.1&#8243; _module_preset=&#8220;default&#8220; max_width=&#8220;830px&#8220; global_colors_info=&#8220;{}&#8220;]<\/p>\n<p>Auflaufprobleme bei Speisekartoffeln werden zum einen durch die Vitalit\u00e4t der Pflanzkartoffeln verursacht, zum anderen durch alle Einwirkungen, denen die Pflanzkartoffeln bis zur erneuten Pflanzung ausgesetzt sind. Diese Ketteneinfl\u00fcsse entstehen bereits beim Pflanzkartoffelz\u00fcchter und gelangen \u00fcber den Transporteur zum Speisekartoffelanbauer. Das sind die wichtigen Schlussfolgerungen aus der sechsj\u00e4hrigen Kettenstudie \u201eVerbesserung der Pflanzkartoffelqualit\u00e4t\u201c, die im Herbst 2022 abgeschlossen wurde. Um das Risiko von Auflaufproblemen zu begrenzen, wurde im Rahmen der Studie ein Stresstest entwickelt. Dar\u00fcber hinaus wurden f\u00fcr alle Kettenpartien Schwerpunkte formuliert, welche die Qualit\u00e4tserhaltung von Pflanzkartoffeln f\u00f6rdern.<\/p>\n<p>Die Studie \u201eVerbesserung der Pflanzkartoffelqualit\u00e4t\u201c begann im Jahr 2016. Die kollektive Kartoffelindustrie steckte damals ihre K\u00f6pfe zusammen, um die Ursachen f\u00fcr das schlechte Wachstum im Speisekartoffelbereich herauszufinden. Bis dahin schoben man sich innerhalb der Kette h\u00e4ufig gegenseitig den Schwarzen Peter zu. Die NAK hat die Ermittlungen im Auftrag der Kartoffelindustrie aufgenommen. Die Studie wurde von Mitgliedern der VAVI und NAO sowie von BO Akkerbouw finanziert.<\/p>\n<p><strong>Stresstest f\u00fcr Pflanzkartoffelpartien<\/strong><\/p>\n<p>Der Forscher Johannes Ransijn stellte fest, dass die Auflaufprobleme zweierlei Art waren. Bei einer Pflanzkartoffelpartie mit m\u00e4\u00dfiger Vitalit\u00e4t ist die Wahrscheinlichkeit gr\u00f6\u00dfer, dass unter nicht optimalen Bedingungen Probleme auftreten, als bei einer vitalen Partie. Er entwickelte <strong><a href=\"https:\/\/zuinigoppootgoed.nl\/de\/stresstest\/\">einen Stresstest<\/a><\/strong>, der mit hoher Sicherheit vorhersagen kann, ob eine Partie Pflanzkartoffeln ausreichend vital ist. Handelsh\u00e4user nutzen diesen Stresstest, um gef\u00e4hrdete Partien fr\u00fchzeitig zu erkennen.<\/p>\n<p><strong>Ketteneinfl\u00fcsse bestimmen den Qualit\u00e4tsverlust <\/strong><\/p>\n<p>Ransijn stellte au\u00dferdem fest, dass das mangelhafte Auflaufen auch mit der Art und Weise zusammenh\u00e4ngt, wie in der Kette mit den Pflanzkartoffeln umgegangen wurde. Dabei spielen Fallh\u00f6hen, Lagertemperatur und Feuchtigkeit eine gro\u00dfe Rolle, da sie die Qualit\u00e4t von Pflanzkartoffeln weitgehend negativ beeinflussen k\u00f6nnen. Und das beginnt bereits im Betrieb des <strong><a href=\"https:\/\/zuinigoppootgoed.nl\/de\/pflanzkartoffelzuechter\/\">Pflanzkartoffelz\u00fcchters<\/a><\/strong>. Mehr Aufmerksamkeit f\u00fcr die Partie und die Optimierung der Lagerf\u00fchrung f\u00fchren zu weniger Qualit\u00e4tsverlusten. <strong>Das <a href=\"https:\/\/zuinigoppootgoed.nl\/de\/transporteur\/\">Transportunternehmen<\/a><\/strong> tr\u00e4gt eine gro\u00dfe Verantwortung im Logistikprozess zwischen der Lieferung des Pflanzkartoffelz\u00fcchters und dem Empfang durch den Speisekartoffelanbauer. Dabei sind eine gute Planung, das Einhalten von Absprachen und die Begrenzung der Fallh\u00f6hen im Anh\u00e4nger wichtige Punkte. Der <a href=\"https:\/\/zuinigoppootgoed.nl\/de\/speisekartoffelanbauer\/\"><strong>Speisekartoffelanbauer<\/strong><\/a> muss die Partie bei Erhalt sorgf\u00e4ltig auf F\u00e4ulnis pr\u00fcfen und darf sie im Zweifelsfall nicht abladen. Die Lagerung von Pflanzkartoffeln in Big Bags oder auf Kippanh\u00e4ngern wirkt sich negativ auf die Qualit\u00e4t aus. Es wird empfohlen, Pflanzkartoffeln vom Erhalt bis zum Pflanzen in eckigen Kisten oder auf einem bel\u00fcfteten Boden zu lagern. Und w\u00e4hrend dieser Zeit sind Temperatur, Feuchtigkeit sowie Fallh\u00f6hen auch im Unternehmen des Speisekartoffelanbauers ein wichtiger Punkt.<\/p>\n<p><strong>Checkliste mit Sehensw\u00fcrdigkeiten<\/strong><\/p>\n<p>Es wurde eine Checkliste zusammengestellt, um allen Beteiligten alle wichtigen Punkte zur Kenntnis zu bringen. Die Au\u00dfendienstmitarbeiter der Handelsunternehmen und Kartoffelverarbeitungsbetriebe k\u00f6nnen diese mit den Z\u00fcchtern besprechen. Dabei liegt das Hauptaugenmerk darauf, zu vermitteln, dass jeder in der Kette dazu beitragen muss, die Schadenskosten f\u00fcr ein mangelhaftes Auflaufen zu begrenzen.<\/p>\n<p>Das \u201e<em>Ketenproject verbetering pootgoedkwaliteit<\/em>\u201c (Kettenprojekt zur Verbesserung der Pflanzkartoffelqualit\u00e4t) ist eine Initiative der Mitglieder von NAO und VAVI und wurde von der NAK umgesetzt. <em>NAK. Neben NAO und VAVI finanziert BO Akkerbouw die Forschung mit. Weitere Informationen finden Sie unter <a href=\"https:\/\/www.crkls.nl\/\" target=\"_blank\" rel=\"noopener\">www.crkls.nl<\/a> <\/em><\/p>\n<p>[\/et_pb_text][et_pb_divider _builder_version=&#8220;4.23.1&#8243; _module_preset=&#8220;default&#8220; show_divider=&#8220;off&#8220; height=&#8220;250px&#8220; hover_enabled=&#8220;0&#8243; sticky_enabled=&#8220;0&#8243;][\/et_pb_divider][\/et_pb_column][\/et_pb_row][\/et_pb_section]<\/p>\n","protected":false},"excerpt":{"rendered":"<p>Die Kette hat einen Einfluss auf die Qualit\u00e4t der PlanzkartoffelnDer schlechte Aufgang von Speisekartoffeln ist vor allem auf die vielen Belastungen zur\u00fcckzuf\u00fchren, denen die Pflanzkartoffeln bis zur Pflanzung ausgesetzt sind. Einen Einfluss darauf haben Pflanzkartoffelerzeuger, Transportunternehmen und Speisekartoffelanbauer.Auflaufprobleme bei Speisekartoffeln werden zum einen durch die Vitalit\u00e4t der Pflanzkartoffeln verursacht, zum anderen durch alle Einwirkungen, denen [&hellip;]<\/p>\n","protected":false},"author":2,"featured_media":0,"parent":0,"menu_order":0,"comment_status":"closed","ping_status":"closed","template":"","meta":{"_et_pb_use_builder":"on","_et_pb_old_content":"<!-- wp:divi\/placeholder \/-->","_et_gb_content_width":"","footnotes":""},"class_list":["post-2708","page","type-page","status-publish","hentry"],"_links":{"self":[{"href":"https:\/\/zuinigoppootgoed.nl\/de\/wp-json\/wp\/v2\/pages\/2708","targetHints":{"allow":["GET"]}}],"collection":[{"href":"https:\/\/zuinigoppootgoed.nl\/de\/wp-json\/wp\/v2\/pages"}],"about":[{"href":"https:\/\/zuinigoppootgoed.nl\/de\/wp-json\/wp\/v2\/types\/page"}],"author":[{"embeddable":true,"href":"https:\/\/zuinigoppootgoed.nl\/de\/wp-json\/wp\/v2\/users\/2"}],"replies":[{"embeddable":true,"href":"https:\/\/zuinigoppootgoed.nl\/de\/wp-json\/wp\/v2\/comments?post=2708"}],"version-history":[{"count":30,"href":"https:\/\/zuinigoppootgoed.nl\/de\/wp-json\/wp\/v2\/pages\/2708\/revisions"}],"predecessor-version":[{"id":3364,"href":"https:\/\/zuinigoppootgoed.nl\/de\/wp-json\/wp\/v2\/pages\/2708\/revisions\/3364"}],"wp:attachment":[{"href":"https:\/\/zuinigoppootgoed.nl\/de\/wp-json\/wp\/v2\/media?parent=2708"}],"curies":[{"name":"wp","href":"https:\/\/api.w.org\/{rel}","templated":true}]}}