{"id":3481,"date":"2023-11-24T15:09:58","date_gmt":"2023-11-24T14:09:58","guid":{"rendered":"https:\/\/zuinigoppootgoed.nl\/feedback\/"},"modified":"2024-02-02T08:55:00","modified_gmt":"2024-02-02T07:55:00","slug":"feedback","status":"publish","type":"page","link":"https:\/\/zuinigoppootgoed.nl\/de\/feedback\/","title":{"rendered":"Feedback"},"content":{"rendered":"<p>[et_pb_section fb_built=&#8220;1&#8243; _builder_version=&#8220;4.23.1&#8243; _module_preset=&#8220;default&#8220; background_color=&#8220;RGBA(255,255,255,0)&#8220; custom_padding=&#8220;0px||0px||false|false&#8220; global_colors_info=&#8220;{}&#8220;][et_pb_row column_structure=&#8220;2_5,3_5&#8243; custom_padding_last_edited=&#8220;on|tablet&#8220; _builder_version=&#8220;4.23.1&#8243; _module_preset=&#8220;default&#8220; width=&#8220;95%&#8220; width_tablet=&#8220;80%&#8220; width_phone=&#8220;95%&#8220; width_last_edited=&#8220;on|phone&#8220; max_width=&#8220;95%&#8220; max_width_tablet=&#8220;80%&#8220; max_width_phone=&#8220;95%&#8220; max_width_last_edited=&#8220;on|tablet&#8220; height=&#8220;100vh&#8220; height_tablet=&#8220;auto&#8220; height_phone=&#8220;auto&#8220; height_last_edited=&#8220;on|tablet&#8220; custom_padding=&#8220;0px||0px|90px|true|false&#8220; custom_padding_tablet=&#8220;0px|0px|0px|0px|true|true&#8220; custom_padding_phone=&#8220;0px|0px|0px|0px|true|true&#8220; global_colors_info=&#8220;{}&#8220;][et_pb_column type=&#8220;2_5&#8243; admin_label=&#8220;Scroll effect desktop&#8220; _builder_version=&#8220;4.23.1&#8243; _module_preset=&#8220;default&#8220; positioning=&#8220;none&#8220; custom_padding=&#8220;20vh||||false|false&#8220; custom_padding_tablet=&#8220;20vh||||false|false&#8220; custom_padding_phone=&#8220;25vh||||false|false&#8220; custom_padding_last_edited=&#8220;on|phone&#8220; sticky_position=&#8220;top&#8220; sticky_limit_top=&#8220;section&#8220; sticky_offset_surrounding=&#8220;off&#8220; sticky_transition=&#8220;off&#8220; sticky_position_tablet=&#8220;none&#8220; sticky_position_phone=&#8220;none&#8220; sticky_position_last_edited=&#8220;on|tablet&#8220; global_colors_info=&#8220;{}&#8220;][et_pb_text _builder_version=&#8220;4.23.1&#8243; _module_preset=&#8220;default&#8220; header_font_size=&#8220;38.01px&#8220; max_width=&#8220;460px&#8220; custom_margin=&#8220;||15px||false|false&#8220; custom_padding=&#8220;||||false|false&#8220; global_colors_info=&#8220;{}&#8220;]<\/p>\n<h1>Was k\u00f6nnte Ihrer Meinung nach in der Branche anders gemacht werden?<\/h1>\n<p>[\/et_pb_text][et_pb_text _builder_version=&#8220;4.23.1&#8243; _module_preset=&#8220;default&#8220; text_text_color=&#8220;#3CD072&#8243; text_font_size=&#8220;26px&#8220; text_line_height=&#8220;1.58em&#8220; max_width=&#8220;460px&#8220; max_width_tablet=&#8220;100%&#8220; max_width_phone=&#8220;100%&#8220; max_width_last_edited=&#8220;on|tablet&#8220; text_font_size_tablet=&#8220;26px&#8220; text_font_size_phone=&#8220;24px&#8220; text_font_size_last_edited=&#8220;on|phone&#8220; text_line_height_tablet=&#8220;1.58em&#8220; text_line_height_phone=&#8220;1.7em&#8220; text_line_height_last_edited=&#8220;on|phone&#8220; global_colors_info=&#8220;{}&#8220;]<\/p>\n<p>Hast du eine Frage? Oder vielleicht gute Vorschl\u00e4ge oder praktische Tipps f\u00fcr einen Pflanzkartoffelanbauer, -transporter oder Verbraucheranbauer, die der Qualit\u00e4t von Pflanzkartoffeln zugute kommen? Wir w\u00fcrden sie gerne h\u00f6ren.<\/p>\n<p>[\/et_pb_text][\/et_pb_column][et_pb_column type=&#8220;3_5&#8243; admin_label=&#8220;Kolom&#8220; _builder_version=&#8220;4.23.1&#8243; _module_preset=&#8220;default&#8220; custom_padding=&#8220;||4vh||false|false&#8220; custom_css_main_element=&#8220;padding-top: calc(20vh + 75px);&#8220; global_colors_info=&#8220;{}&#8220; custom_css_main_element_last_edited=&#8220;on|tablet&#8220; custom_css_main_element_tablet=&#8220;padding-top: 0px;&#8220; custom_css_main_element_phone=&#8220;padding-top: 0px;&#8220;][et_pb_text _builder_version=&#8220;4.23.1&#8243; _module_preset=&#8220;default&#8220; max_width=&#8220;830px&#8220; global_colors_info=&#8220;{}&#8220;]<\/p>\n<link rel='stylesheet' id='formidable-css' href='https:\/\/zuinigoppootgoed.nl\/wp-content\/plugins\/formidable\/css\/formidableforms.css?ver=415932' type='text\/css' media='all' \/>\n<div class=\"frm_forms  with_frm_style frm_style_ketenproject\" id=\"frm_form_2_container\" data-token=\"8b5945f0806b53d802e031795bcc64e2\">\n<form enctype=\"multipart\/form-data\" method=\"post\" class=\"frm-show-form  frm_js_validate  frm_ajax_submit  frm_pro_form \" id=\"form_feedbackformulier\" data-token=\"8b5945f0806b53d802e031795bcc64e2\">\n<div class=\"frm_form_fields \">\n<fieldset>\n<legend class=\"frm_screen_reader\">Feedbackformulier<\/legend>\r\n\r\n<div class=\"frm_fields_container\">\n<input type=\"hidden\" name=\"frm_action\" value=\"create\" \/>\n<input type=\"hidden\" name=\"form_id\" value=\"2\" \/>\n<input type=\"hidden\" name=\"frm_hide_fields_2\" id=\"frm_hide_fields_2\" value=\"\" \/>\n<input type=\"hidden\" name=\"form_key\" value=\"feedbackformulier\" \/>\n<input type=\"hidden\" name=\"item_meta[0]\" value=\"\" \/>\n<input type=\"hidden\" id=\"frm_submit_entry_2\" name=\"frm_submit_entry_2\" value=\"1551e6ce72\" \/><input type=\"hidden\" name=\"_wp_http_referer\" value=\"\/de\/wp-json\/wp\/v2\/pages\/3481\" \/><div id=\"frm_field_6_container\" class=\"frm_form_field form-field  frm_required_field frm_top_container frm6 frm_first\">\r\n    <label for=\"field_ayvhp\" id=\"field_ayvhp_label\" class=\"frm_primary_label\">Name\r\n        <span class=\"frm_required\" aria-hidden=\"true\">*<\/span>\r\n    <\/label>\r\n    <input  type=\"text\" id=\"field_ayvhp\" name=\"item_meta[6]\" value=\"\"  placeholder=\"Name\" data-reqmsg=\"Dieses Feld darf nicht leer sein.\" aria-required=\"true\" data-invmsg=\"Der Text ist ung\u00fcltig\" aria-invalid=\"false\"   \/>\r\n    \r\n    \r\n<\/div>\n<div id=\"frm_field_7_container\" class=\"frm_form_field form-field  frm_required_field frm_top_container frm6\">\r\n    <label for=\"field_l548a\" id=\"field_l548a_label\" class=\"frm_primary_label\">E-Mail-Adresse\r\n        <span class=\"frm_required\" aria-hidden=\"true\">*<\/span>\r\n    <\/label>\r\n    <input type=\"email\" id=\"field_l548a\" name=\"item_meta[7]\" value=\"\"  placeholder=\"E-Mail-Adresse\" data-reqmsg=\"Dieses Feld darf nicht leer sein.\" aria-required=\"true\" data-invmsg=\"E-Mail-Adresse ist ung\u00fcltig\" aria-invalid=\"false\"  \/>\r\n    \r\n    \r\n<\/div>\n<div id=\"frm_field_8_container\" class=\"frm_form_field form-field  frm_required_field frm_top_container\">\r\n    <label for=\"field_dvf2p\" id=\"field_dvf2p_label\" class=\"frm_primary_label\">Nachricht\r\n        <span class=\"frm_required\" aria-hidden=\"true\">*<\/span>\r\n    <\/label>\r\n    <textarea name=\"item_meta[8]\" id=\"field_dvf2p\" rows=\"5\"  placeholder=\"Nachricht\" data-reqmsg=\"Dieses Feld darf nicht leer sein.\" aria-required=\"true\" data-invmsg=\"Paragraaf is ongeldig\" aria-invalid=\"false\"  ><\/textarea>\r\n    \r\n    \r\n<\/div>\n\t<input type=\"hidden\" name=\"item_key\" value=\"\" \/>\n\t\t\t<div id=\"frm_field_12_container\">\n\t\t\t<label for=\"field_ximgo\" >\n\t\t\t\tFalls Du menschlich bist, lasse dieses Feld leer.\t\t\t<\/label>\n\t\t\t<input  id=\"field_ximgo\" type=\"text\" class=\"frm_form_field form-field frm_verify\" name=\"item_meta[12]\" value=\"\"  \/>\n\t\t<\/div>\n\t\t<input name=\"frm_state\" type=\"hidden\" value=\"FUYpM7b+t0PDFzfaOfe\/ay\/Ym9ehtII0+4Ybtk\/Dmwx0aNBZzigXsmSf7DvfynV+\" \/><div class=\"frm_submit\">\r\n\r\n<button class=\"frm_button_submit frm_final_submit\" type=\"submit\"   formnovalidate=\"formnovalidate\">Senden<\/button>\r\n\r\n\r\n<\/div><\/div>\n<\/fieldset>\n<\/div>\n\n<\/form>\n<\/div>\n\n<p>[\/et_pb_text][\/et_pb_column][\/et_pb_row][\/et_pb_section]<\/p>\n","protected":false},"excerpt":{"rendered":"<p>Was k\u00f6nnte Ihrer Meinung nach in der Branche anders gemacht werden?Hast du eine Frage? Oder vielleicht gute Vorschl\u00e4ge oder praktische Tipps f\u00fcr einen Pflanzkartoffelanbauer, -transporter oder Verbraucheranbauer, die der Qualit\u00e4t von Pflanzkartoffeln zugute kommen? Wir w\u00fcrden sie gerne h\u00f6ren.<div class=\"frm_forms  with_frm_style frm_style_ketenproject\" id=\"frm_form_2_container\" data-token=\"8b5945f0806b53d802e031795bcc64e2\" data-token=\"8b5945f0806b53d802e031795bcc64e2\">\n<form enctype=\"multipart\/form-data\" method=\"post\" class=\"frm-show-form  frm_js_validate  frm_ajax_submit  frm_pro_form \" id=\"form_feedbackformulier\" data-token=\"8b5945f0806b53d802e031795bcc64e2\" data-token=\"8b5945f0806b53d802e031795bcc64e2\">\n<div class=\"frm_form_fields \">\n<fieldset>\n<legend class=\"frm_screen_reader\">Feedbackformulier<\/legend>\r\n\r\n<div class=\"frm_fields_container\">\n<input type=\"hidden\" name=\"frm_action\" value=\"create\" \/>\n<input type=\"hidden\" name=\"form_id\" value=\"2\" \/>\n<input type=\"hidden\" name=\"frm_hide_fields_2\" id=\"frm_hide_fields_2\" value=\"\" \/>\n<input type=\"hidden\" name=\"form_key\" value=\"feedbackformulier\" \/>\n<input type=\"hidden\" name=\"item_meta[0]\" value=\"\" \/>\n<input type=\"hidden\" id=\"frm_submit_entry_2\" name=\"frm_submit_entry_2\" value=\"1551e6ce72\" \/><input type=\"hidden\" name=\"_wp_http_referer\" value=\"\/de\/wp-json\/wp\/v2\/pages\/3481\" \/><div id=\"frm_field_6_container\" class=\"frm_form_field form-field  frm_required_field frm_top_container frm6 frm_first\">\r\n    <label for=\"field_ayvhp\" id=\"field_ayvhp_label\" class=\"frm_primary_label\">Name\r\n        <span class=\"frm_required\" aria-hidden=\"true\">*<\/span>\r\n    <\/label>\r\n    <input  type=\"text\" id=\"field_ayvhp\" name=\"item_meta[6]\" value=\"\"  placeholder=\"Name\" data-reqmsg=\"Dieses Feld darf nicht leer sein.\" aria-required=\"true\" data-invmsg=\"Der Text ist ung\u00fcltig\" aria-invalid=\"false\"   \/>\r\n    \r\n    \r\n<\/div>\n<div id=\"frm_field_7_container\" class=\"frm_form_field form-field  frm_required_field frm_top_container frm6\">\r\n    <label for=\"field_l548a\" id=\"field_l548a_label\" class=\"frm_primary_label\">E-Mail-Adresse\r\n        <span class=\"frm_required\" aria-hidden=\"true\">*<\/span>\r\n    <\/label>\r\n    <input type=\"email\" id=\"field_l548a\" name=\"item_meta[7]\" value=\"\"  placeholder=\"E-Mail-Adresse\" data-reqmsg=\"Dieses Feld darf nicht leer sein.\" aria-required=\"true\" data-invmsg=\"E-Mail-Adresse ist ung\u00fcltig\" aria-invalid=\"false\"  \/>\r\n    \r\n    \r\n<\/div>\n<div id=\"frm_field_8_container\" class=\"frm_form_field form-field  frm_required_field frm_top_container\">\r\n    <label for=\"field_dvf2p\" id=\"field_dvf2p_label\" class=\"frm_primary_label\">Nachricht\r\n        <span class=\"frm_required\" aria-hidden=\"true\">*<\/span>\r\n    <\/label>\r\n    <textarea name=\"item_meta[8]\" id=\"field_dvf2p\" rows=\"5\"  placeholder=\"Nachricht\" data-reqmsg=\"Dieses Feld darf nicht leer sein.\" aria-required=\"true\" data-invmsg=\"Paragraaf is ongeldig\" aria-invalid=\"false\"  ><\/textarea>\r\n    \r\n    \r\n<\/div>\n\t<input type=\"hidden\" name=\"item_key\" value=\"\" \/>\n\t\t\t<div id=\"frm_field_13_container\">\n\t\t\t<label for=\"field_jtmn0\" >\n\t\t\t\tFalls Du menschlich bist, lasse dieses Feld leer.\t\t\t<\/label>\n\t\t\t<input  id=\"field_jtmn0\" type=\"text\" class=\"frm_form_field form-field frm_verify\" name=\"item_meta[13]\" value=\"\"  \/>\n\t\t<\/div>\n\t\t<input name=\"frm_state\" type=\"hidden\" value=\"FUYpM7b+t0PDFzfaOfe\/ay\/Ym9ehtII0+4Ybtk\/DmwzgDPrsmRretRqkqfKqcPdc\" \/><div class=\"frm_submit\">\r\n\r\n<button class=\"frm_button_submit frm_final_submit\" type=\"submit\"   formnovalidate=\"formnovalidate\">Senden<\/button>\r\n\r\n\r\n<\/div><\/div>\n<\/fieldset>\n<\/div>\n\n<\/form>\n<\/div>\n<\/p>\n","protected":false},"author":2,"featured_media":0,"parent":0,"menu_order":0,"comment_status":"closed","ping_status":"closed","template":"","meta":{"_et_pb_use_builder":"on","_et_pb_old_content":"<!-- wp:divi\/placeholder \/-->","_et_gb_content_width":"","footnotes":""},"class_list":["post-3481","page","type-page","status-publish","hentry"],"_links":{"self":[{"href":"https:\/\/zuinigoppootgoed.nl\/de\/wp-json\/wp\/v2\/pages\/3481","targetHints":{"allow":["GET"]}}],"collection":[{"href":"https:\/\/zuinigoppootgoed.nl\/de\/wp-json\/wp\/v2\/pages"}],"about":[{"href":"https:\/\/zuinigoppootgoed.nl\/de\/wp-json\/wp\/v2\/types\/page"}],"author":[{"embeddable":true,"href":"https:\/\/zuinigoppootgoed.nl\/de\/wp-json\/wp\/v2\/users\/2"}],"replies":[{"embeddable":true,"href":"https:\/\/zuinigoppootgoed.nl\/de\/wp-json\/wp\/v2\/comments?post=3481"}],"version-history":[{"count":24,"href":"https:\/\/zuinigoppootgoed.nl\/de\/wp-json\/wp\/v2\/pages\/3481\/revisions"}],"predecessor-version":[{"id":3980,"href":"https:\/\/zuinigoppootgoed.nl\/de\/wp-json\/wp\/v2\/pages\/3481\/revisions\/3980"}],"wp:attachment":[{"href":"https:\/\/zuinigoppootgoed.nl\/de\/wp-json\/wp\/v2\/media?parent=3481"}],"curies":[{"name":"wp","href":"https:\/\/api.w.org\/{rel}","templated":true}]}}