{"id":2578,"date":"2023-11-24T15:09:14","date_gmt":"2023-11-24T14:09:14","guid":{"rendered":"https:\/\/zuinigoppootgoed.nl\/le-test-de-resistance\/"},"modified":"2024-02-01T12:25:44","modified_gmt":"2024-02-01T11:25:44","slug":"le-test-de-resistance","status":"publish","type":"page","link":"https:\/\/zuinigoppootgoed.nl\/fr\/le-test-de-resistance\/","title":{"rendered":"Le test de resistance"},"content":{"rendered":"<p>[et_pb_section fb_built=\u00a0\u00bb1&Prime; _builder_version=\u00a0\u00bb4.23.1&Prime; _module_preset=\u00a0\u00bbdefault\u00a0\u00bb background_color=\u00a0\u00bbRGBA(255,255,255,0)\u00a0\u00bb custom_padding=\u00a0\u00bb0px||0px||false|false\u00a0\u00bb global_colors_info=\u00a0\u00bb{}\u00a0\u00bb][et_pb_row column_structure=\u00a0\u00bb2_5,3_5&Prime; custom_padding_last_edited=\u00a0\u00bbon|tablet\u00a0\u00bb module_class=\u00a0\u00bbgradient-top\u00a0\u00bb _builder_version=\u00a0\u00bb4.23.1&Prime; _module_preset=\u00a0\u00bbdefault\u00a0\u00bb width=\u00a0\u00bb95%\u00a0\u00bb width_tablet=\u00a0\u00bb80%\u00a0\u00bb width_phone=\u00a0\u00bb95%\u00a0\u00bb width_last_edited=\u00a0\u00bbon|phone\u00a0\u00bb max_width=\u00a0\u00bb95%\u00a0\u00bb max_width_tablet=\u00a0\u00bb80%\u00a0\u00bb max_width_phone=\u00a0\u00bb95%\u00a0\u00bb max_width_last_edited=\u00a0\u00bbon|tablet\u00a0\u00bb height=\u00a0\u00bb100vh\u00a0\u00bb height_tablet=\u00a0\u00bbauto\u00a0\u00bb height_phone=\u00a0\u00bbauto\u00a0\u00bb height_last_edited=\u00a0\u00bbon|tablet\u00a0\u00bb custom_padding=\u00a0\u00bb0px||0px|90px|true|false\u00a0\u00bb custom_padding_tablet=\u00a0\u00bb0px|0px|0px|0px|true|true\u00a0\u00bb custom_padding_phone=\u00a0\u00bb0px|0px|0px|0px|true|true\u00a0\u00bb global_colors_info=\u00a0\u00bb{}\u00a0\u00bb][et_pb_column type=\u00a0\u00bb2_5&Prime; admin_label=\u00a0\u00bbScroll effect desktop\u00a0\u00bb _builder_version=\u00a0\u00bb4.23.1&Prime; _module_preset=\u00a0\u00bbdefault\u00a0\u00bb positioning=\u00a0\u00bbnone\u00a0\u00bb custom_padding=\u00a0\u00bb20vh||||false|false\u00a0\u00bb custom_padding_tablet=\u00a0\u00bb20vh||||false|false\u00a0\u00bb custom_padding_phone=\u00a0\u00bb25vh||||false|false\u00a0\u00bb custom_padding_last_edited=\u00a0\u00bbon|phone\u00a0\u00bb sticky_position=\u00a0\u00bbtop\u00a0\u00bb sticky_limit_top=\u00a0\u00bbsection\u00a0\u00bb sticky_offset_surrounding=\u00a0\u00bboff\u00a0\u00bb sticky_transition=\u00a0\u00bboff\u00a0\u00bb sticky_position_tablet=\u00a0\u00bbnone\u00a0\u00bb sticky_position_phone=\u00a0\u00bbnone\u00a0\u00bb sticky_position_last_edited=\u00a0\u00bbon|tablet\u00a0\u00bb global_colors_info=\u00a0\u00bb{}\u00a0\u00bb][et_pb_text _builder_version=\u00a0\u00bb4.23.1&Prime; _module_preset=\u00a0\u00bbdefault\u00a0\u00bb header_font_size=\u00a0\u00bb38.01px\u00a0\u00bb z_index=\u00a0\u00bb2&Prime; custom_margin=\u00a0\u00bb||15px||false|false\u00a0\u00bb custom_padding=\u00a0\u00bb||||false|false\u00a0\u00bb global_colors_info=\u00a0\u00bb{}\u00a0\u00bb]<\/p>\n<h1>Le test de r\u00e9sistance d\u00e9tecte les parties faibles<\/h1>\n<p>[\/et_pb_text][et_pb_text _builder_version=\u00a0\u00bb4.23.1&Prime; _module_preset=\u00a0\u00bbdefault\u00a0\u00bb text_text_color=\u00a0\u00bb#3CD072&Prime; text_font_size=\u00a0\u00bb26px\u00a0\u00bb text_line_height=\u00a0\u00bb1.58em\u00a0\u00bb z_index=\u00a0\u00bb2&Prime; max_width=\u00a0\u00bb460px\u00a0\u00bb max_width_tablet=\u00a0\u00bb100%\u00a0\u00bb max_width_phone=\u00a0\u00bb100%\u00a0\u00bb max_width_last_edited=\u00a0\u00bbon|tablet\u00a0\u00bb text_font_size_tablet=\u00a0\u00bb26px\u00a0\u00bb text_font_size_phone=\u00a0\u00bb24px\u00a0\u00bb text_font_size_last_edited=\u00a0\u00bbon|phone\u00a0\u00bb text_line_height_tablet=\u00a0\u00bb1.58em\u00a0\u00bb text_line_height_phone=\u00a0\u00bb1.7em\u00a0\u00bb text_line_height_last_edited=\u00a0\u00bbon|phone\u00a0\u00bb global_colors_info=\u00a0\u00bb{}\u00a0\u00bb]<\/p>\n<p>Les plants de pommes de terre dont on doute qu&rsquo;ils soient suffisamment vitaux sont soumis \u00e0 un test de r\u00e9sistance par la soci\u00e9t\u00e9 commerciale. Apr\u00e8s une \u00e9valuation positive, ils sont toujours pr\u00eats \u00e0 \u00eatre vendus.<\/p>\n<p>[\/et_pb_text][\/et_pb_column][et_pb_column type=\u00a0\u00bb3_5&Prime; admin_label=\u00a0\u00bbKolom\u00a0\u00bb _builder_version=\u00a0\u00bb4.23.1&Prime; _module_preset=\u00a0\u00bbdefault\u00a0\u00bb z_index=\u00a0\u00bb1&Prime; custom_padding=\u00a0\u00bb||4vh||false|false\u00a0\u00bb custom_css_main_element=\u00a0\u00bbpadding-top: calc(20vh + 75px);\u00a0\u00bb global_colors_info=\u00a0\u00bb{}\u00a0\u00bb custom_css_main_element_last_edited=\u00a0\u00bbon|tablet\u00a0\u00bb custom_css_main_element_tablet=\u00a0\u00bbpadding-top: 0px;\u00a0\u00bb custom_css_main_element_phone=\u00a0\u00bbpadding-top: 0px;\u00a0\u00bb][et_pb_text _builder_version=\u00a0\u00bb4.23.1&Prime; _module_preset=\u00a0\u00bbdefault\u00a0\u00bb max_width=\u00a0\u00bb830px\u00a0\u00bb hover_enabled=\u00a0\u00bb0&Prime; global_colors_info=\u00a0\u00bb{}\u00a0\u00bb sticky_enabled=\u00a0\u00bb0&Prime;]<\/p>\n<p>En 2016, l\u2019\u00e9mergence des plants de pommes de terre a pos\u00e9 de nombreux probl\u00e8mes. Les fournisseurs et acheteurs de plants de pommes de terre ont donc d\u00e9cid\u00e9 de lancer le \u00ab Projet de la cha\u00eene pour l&rsquo;am\u00e9lioration de la qualit\u00e9 des plants de pommes de terre \u00bb en collaboration avec la NAK. Une partie de cela impliquait le d\u00e9veloppement d&rsquo;un test de r\u00e9sistance pour \u00e9valuer la vigueur des lots de plants de pommes de terre avant qu&rsquo;ils ne quittent l&rsquo;entreprise du producteur de plants de pommes de terre. Le test de r\u00e9sistance est d\u00e9sormais utilis\u00e9 pour d\u00e9tecter les lots \u00e0 risque de plants de pommes de terre. Souhaitez-vous en savoir plus sur le test de r\u00e9sistance ? Le chercheur Johannes Ransijn explique comment le test de vitalit\u00e9 a \u00e9t\u00e9 d\u00e9velopp\u00e9. (N\u00e9erlandophone)<\/p>\n<p>[\/et_pb_text][et_pb_image src=\u00a0\u00bbhttps:\/\/zuinigoppootgoed.nl\/wp-content\/uploads\/2023\/11\/video-pootgoedperfectie-1.jpg\u00a0\u00bb alt=\u00a0\u00bbTest de r\u00e9sistance vid\u00e9o. (tekst nl..Bekijk het verhaal van een teler)\u00a0\u00bb _builder_version=\u00a0\u00bb4.23.1&Prime; _module_preset=\u00a0\u00bbdefault\u00a0\u00bb hover_enabled=\u00a0\u00bb0&Prime; dsm_modules_popup=\u00a0\u00bbon\u00a0\u00bb dsm_modules_popup_type=\u00a0\u00bbvideo\u00a0\u00bb dsm_modules_popup_video_url=\u00a0\u00bbhttps:\/\/player.vimeo.com\/video\/892227862&Prime; global_colors_info=\u00a0\u00bb{}\u00a0\u00bb sticky_enabled=\u00a0\u00bb0&Prime;][\/et_pb_image][et_pb_divider show_divider=\u00a0\u00bboff\u00a0\u00bb _builder_version=\u00a0\u00bb4.23.1&Prime; _module_preset=\u00a0\u00bbdefault\u00a0\u00bb global_colors_info=\u00a0\u00bb{}\u00a0\u00bb][\/et_pb_divider][et_pb_divider show_divider=\u00a0\u00bboff\u00a0\u00bb _builder_version=\u00a0\u00bb4.23.1&Prime; _module_preset=\u00a0\u00bbdefault\u00a0\u00bb global_colors_info=\u00a0\u00bb{}\u00a0\u00bb][\/et_pb_divider][\/et_pb_column][\/et_pb_row][\/et_pb_section]<\/p>\n","protected":false},"excerpt":{"rendered":"<p>Le test de r\u00e9sistance d\u00e9tecte les parties faiblesLes plants de pommes de terre dont on doute qu&rsquo;ils soient suffisamment vitaux sont soumis \u00e0 un test de r\u00e9sistance par la soci\u00e9t\u00e9 commerciale. Apr\u00e8s une \u00e9valuation positive, ils sont toujours pr\u00eats \u00e0 \u00eatre vendus.En 2016, l\u2019\u00e9mergence des plants de pommes de terre a pos\u00e9 de nombreux probl\u00e8mes. [&hellip;]<\/p>\n","protected":false},"author":2,"featured_media":0,"parent":0,"menu_order":0,"comment_status":"closed","ping_status":"closed","template":"","meta":{"_et_pb_use_builder":"on","_et_pb_old_content":"","_et_gb_content_width":"","footnotes":""},"class_list":["post-2578","page","type-page","status-publish","hentry"],"_links":{"self":[{"href":"https:\/\/zuinigoppootgoed.nl\/fr\/wp-json\/wp\/v2\/pages\/2578","targetHints":{"allow":["GET"]}}],"collection":[{"href":"https:\/\/zuinigoppootgoed.nl\/fr\/wp-json\/wp\/v2\/pages"}],"about":[{"href":"https:\/\/zuinigoppootgoed.nl\/fr\/wp-json\/wp\/v2\/types\/page"}],"author":[{"embeddable":true,"href":"https:\/\/zuinigoppootgoed.nl\/fr\/wp-json\/wp\/v2\/users\/2"}],"replies":[{"embeddable":true,"href":"https:\/\/zuinigoppootgoed.nl\/fr\/wp-json\/wp\/v2\/comments?post=2578"}],"version-history":[{"count":16,"href":"https:\/\/zuinigoppootgoed.nl\/fr\/wp-json\/wp\/v2\/pages\/2578\/revisions"}],"predecessor-version":[{"id":3634,"href":"https:\/\/zuinigoppootgoed.nl\/fr\/wp-json\/wp\/v2\/pages\/2578\/revisions\/3634"}],"wp:attachment":[{"href":"https:\/\/zuinigoppootgoed.nl\/fr\/wp-json\/wp\/v2\/media?parent=2578"}],"curies":[{"name":"wp","href":"https:\/\/api.w.org\/{rel}","templated":true}]}}