{"id":2611,"date":"2023-11-24T15:09:03","date_gmt":"2023-11-24T14:09:03","guid":{"rendered":"https:\/\/zuinigoppootgoed.nl\/propos-du-project-de-la-chaine\/"},"modified":"2024-01-31T14:17:19","modified_gmt":"2024-01-31T13:17:19","slug":"propos-du-project-de-la-chaine","status":"publish","type":"page","link":"https:\/\/zuinigoppootgoed.nl\/fr\/propos-du-project-de-la-chaine\/","title":{"rendered":"\u00c0 propos du project de la cha\u00eene"},"content":{"rendered":"<p>[et_pb_section fb_built=\u00a0\u00bb1&Prime; _builder_version=\u00a0\u00bb4.23.1&Prime; _module_preset=\u00a0\u00bbdefault\u00a0\u00bb background_color=\u00a0\u00bbRGBA(255,255,255,0)\u00a0\u00bb custom_padding=\u00a0\u00bb0px||0px||false|false\u00a0\u00bb global_colors_info=\u00a0\u00bb{}\u00a0\u00bb][et_pb_row column_structure=\u00a0\u00bb2_5,3_5&Prime; custom_padding_last_edited=\u00a0\u00bbon|tablet\u00a0\u00bb module_class=\u00a0\u00bbgradient-top\u00a0\u00bb _builder_version=\u00a0\u00bb4.23.1&Prime; _module_preset=\u00a0\u00bbdefault\u00a0\u00bb width=\u00a0\u00bb95%\u00a0\u00bb width_tablet=\u00a0\u00bb80%\u00a0\u00bb width_phone=\u00a0\u00bb95%\u00a0\u00bb width_last_edited=\u00a0\u00bbon|phone\u00a0\u00bb max_width=\u00a0\u00bb95%\u00a0\u00bb max_width_tablet=\u00a0\u00bb80%\u00a0\u00bb max_width_phone=\u00a0\u00bb95%\u00a0\u00bb max_width_last_edited=\u00a0\u00bbon|tablet\u00a0\u00bb height=\u00a0\u00bb100vh\u00a0\u00bb height_tablet=\u00a0\u00bbauto\u00a0\u00bb height_phone=\u00a0\u00bbauto\u00a0\u00bb height_last_edited=\u00a0\u00bbon|tablet\u00a0\u00bb custom_padding=\u00a0\u00bb0px||0px|90px|true|false\u00a0\u00bb custom_padding_tablet=\u00a0\u00bb0px|0px|0px|0px|true|true\u00a0\u00bb custom_padding_phone=\u00a0\u00bb0px|0px|0px|0px|true|true\u00a0\u00bb global_colors_info=\u00a0\u00bb{}\u00a0\u00bb][et_pb_column type=\u00a0\u00bb2_5&Prime; admin_label=\u00a0\u00bbScroll effect desktop\u00a0\u00bb _builder_version=\u00a0\u00bb4.23.1&Prime; _module_preset=\u00a0\u00bbdefault\u00a0\u00bb positioning=\u00a0\u00bbnone\u00a0\u00bb custom_padding=\u00a0\u00bb20vh||||false|false\u00a0\u00bb custom_padding_tablet=\u00a0\u00bb20vh||||false|false\u00a0\u00bb custom_padding_phone=\u00a0\u00bb25vh||||false|false\u00a0\u00bb custom_padding_last_edited=\u00a0\u00bbon|phone\u00a0\u00bb sticky_position=\u00a0\u00bbtop\u00a0\u00bb sticky_limit_top=\u00a0\u00bbsection\u00a0\u00bb sticky_offset_surrounding=\u00a0\u00bboff\u00a0\u00bb sticky_transition=\u00a0\u00bboff\u00a0\u00bb sticky_position_tablet=\u00a0\u00bbnone\u00a0\u00bb sticky_position_phone=\u00a0\u00bbnone\u00a0\u00bb sticky_position_last_edited=\u00a0\u00bbon|tablet\u00a0\u00bb global_colors_info=\u00a0\u00bb{}\u00a0\u00bb][et_pb_text _builder_version=\u00a0\u00bb4.23.1&Prime; _module_preset=\u00a0\u00bbdefault\u00a0\u00bb header_font_size=\u00a0\u00bb38.01px\u00a0\u00bb custom_margin=\u00a0\u00bb||15px||false|false\u00a0\u00bb custom_padding=\u00a0\u00bb||||false|false\u00a0\u00bb global_colors_info=\u00a0\u00bb{}\u00a0\u00bb]<\/p>\n<h1>La cha\u00eene a un impact sur la qualit\u00e9 des plants de pommes de terre<\/h1>\n<p>[\/et_pb_text][et_pb_text _builder_version=\u00a0\u00bb4.23.1&Prime; _module_preset=\u00a0\u00bbf81d4ec9-75fd-44a2-91ae-0ff353e7b053&Prime; global_colors_info=\u00a0\u00bb{}\u00a0\u00bb]<\/p>\n<p>La mauvaise lev\u00e9e des pommes de terre de consommation est principalement due \u00e0 toutes les actions que subissent les plants de pommes de terre jusqu&rsquo;\u00e0 leur plantation. Les producteurs de plants de pommes de terre, les transporteurs et les producteurs consommateurs ont une influence \u00e0 cet \u00e9gard.<\/p>\n<p>[\/et_pb_text][\/et_pb_column][et_pb_column type=\u00a0\u00bb3_5&Prime; admin_label=\u00a0\u00bbKolom\u00a0\u00bb _builder_version=\u00a0\u00bb4.23.1&Prime; _module_preset=\u00a0\u00bbdefault\u00a0\u00bb z_index=\u00a0\u00bb1&Prime; custom_padding=\u00a0\u00bb||4vh||false|false\u00a0\u00bb custom_css_main_element=\u00a0\u00bbpadding-top: calc(20vh + 75px);\u00a0\u00bb global_colors_info=\u00a0\u00bb{}\u00a0\u00bb custom_css_main_element_last_edited=\u00a0\u00bbon|tablet\u00a0\u00bb custom_css_main_element_tablet=\u00a0\u00bbpadding-top: 0px;\u00a0\u00bb custom_css_main_element_phone=\u00a0\u00bbpadding-top: 0px;\u00a0\u00bb][et_pb_text admin_label=\u00a0\u00bbTekst\u00a0\u00bb _builder_version=\u00a0\u00bb4.23.1&Prime; _module_preset=\u00a0\u00bbdefault\u00a0\u00bb max_width=\u00a0\u00bb830px\u00a0\u00bb global_colors_info=\u00a0\u00bb{}\u00a0\u00bb]<\/p>\n<p>Les probl\u00e8mes de lev\u00e9e des pommes de terre de consommation sont caus\u00e9s d&rsquo;une part par la vigeur du lot de plants de pommes de terre, et d&rsquo;autre part par toutes les actions que subissent les plants de pommes de terre jusqu&rsquo;\u00e0 leur nouvelle plantation. Ces influences de la cha\u00eene proviennent d\u00e9j\u00e0 du producteur de plants de pommes de terre et passent par le transporteur jusqu&rsquo;au producteur de consommation. Telles sont les conclusions importantes de l&rsquo;\u00e9tude de la cha\u00eene sur six ans \u00ab Am\u00e9liorer la qualit\u00e9 des plants de pommes de terre \u00bb qui s&rsquo;est achev\u00e9e \u00e0 l&rsquo;automne 2022. Afin de limiter les reclamations sur des probl\u00eames de lev\u00e9es, un test de vitalit\u00e9 a \u00e9t\u00e9 d\u00e9velopp\u00e9 au sein de l&rsquo;\u00e9tude. De plus, des points d&rsquo;attention ont \u00e9t\u00e9 formul\u00e9s pour tous les acteurs de la cha\u00eene qui favorisent le maintien de la qualit\u00e9 des plants de pommes de terre.<\/p>\n<p>La recherche \u00ab Am\u00e9liorer la qualit\u00e9 des plants de pommes de terre \u00bb a d\u00e9but\u00e9 en 2016. Les diff\u00e9rentes parties de la filli\u00e8re pomme de terre s&rsquo;est alors r\u00e9unie pour d\u00e9couvrir les causes des probl\u00e8mes de lev\u00e9e dans les parcelles de consommation. Jusque-l\u00e0, les membres de la fili\u00e8re se pointaient souvent du doigt. Le NAK a ouvert l&rsquo;enqu\u00eate au nom de l&rsquo;industrie de la pomme de terre. La recherche a \u00e9t\u00e9 financ\u00e9e par des membres de VAVI et NAO et par BO Akkerbouw.<\/p>\n<p><strong>Test de r\u00e9sistance pour des lots de plants<\/strong><\/p>\n<p>Le chercheur Johannes Ransijn a d\u00e9couvert que les probl\u00e8mes d\u2019\u00e9mergence \u00e9taient doubles. Un lot de plants de pommes de terre \u00e0 vitalit\u00e9 mod\u00e9r\u00e9e est plus susceptible de rencontrer des probl\u00e8mes dans des conditions non optimales qu&rsquo;un lot \u00e0 forte vitalit\u00e9. Il a d\u00e9velopp\u00e9 <strong><a href=\"https:\/\/zuinigoppootgoed.nl\/fr\/le-test-de-resistance\/\">un test de r\u00e9sistance<\/a><\/strong> permettant de pr\u00e9dire avec un degr\u00e9 \u00e9lev\u00e9 de certitude si un lot de plants de pommesde pomme de terre a une vigueur suffisante. Les maisons de plants utilisent ce test de r\u00e9sistance pour d\u00e9tecter \u00e0 un stade pr\u00e9coce les lots vuln\u00e9rables.<\/p>\n<p><strong>Les influences de la cha\u00eene d\u00e9terminent la perte de qualit\u00e9 <\/strong><\/p>\n<p>Monsieur Ransijn a \u00e9galement constat\u00e9 que le faible taux d\u2019\u00e9mergence est \u00e9galement d\u00fb \u00e0 la mani\u00e8re dont les plants de pommes de terre ont \u00e9t\u00e9 trait\u00e9s dans la cha\u00eene. . Les hauteurs de chute, la temp\u00e9rature de stockage et l&rsquo;humidit\u00e9 jouent \u00e0 cet \u00e9gard un r\u00f4le majeur, car elles peuvent avoir une influence largement n\u00e9gative sur la qualit\u00e9 des plants de pommes de terre. Et cela commence \u00e0 la ferme <strong><a href=\"https:\/\/zuinigoppootgoed.nl\/fr\/producteur-de-plants\/\">du producteur de plants de pommes de terre<\/a><\/strong>. Une plus grande attention port\u00e9e au lot et une optimisation du r\u00e9gime de stockage entra\u00eenent moins de perte de qualit\u00e9. L&rsquo;entreprise <strong><a href=\"https:\/\/zuinigoppootgoed.nl\/fr\/le-transporteur\/\">de transport<\/a><\/strong> a \u00e9galement une responsabilit\u00e9 majeure dans le processus logistique entre le chargement par le producteur de plants de pommes de terre et la r\u00e9ception par le producteur de consommation. Une bonne planification, le respect des accords et la limitation des hauteurs de chute dans la remorque sont ici des points importants. <a href=\"https:\/\/zuinigoppootgoed.nl\/fr\/le-producteur-de-consommation\/\"><strong>Le producteur de consommation<\/strong><\/a> doit v\u00e9rifier soigneusement le lot pour d\u00e9celer la pourriture d\u00e8s sa r\u00e9ception et, en cas de doute, ne doit pas le d\u00e9charger. Le stockage des plants de pommes de terre dans des big-bags ou sur des remorques basculantes affecte n\u00e9gativement la qualit\u00e9. Il est conseill\u00e9 de conserver les plants de pommes de terre dans des paloxes ou sur un sol a\u00e9r\u00e9 d\u00e8s la r\u00e9ception jusqu&rsquo;\u00e0 la plantation. Et pendant cette p\u00e9riode, la temp\u00e9rature, l&rsquo;humidit\u00e9 et les hauteurs de chute sont \u00e9galement des points d&rsquo;attention pour producteur de consommation.<\/p>\n<p><strong>Checklist avec points d\u2019attention<\/strong><\/p>\n<p>Une liste de contr\u00f4le a \u00e9t\u00e9 \u00e9labor\u00e9e pour porter tous les points d&rsquo;int\u00e9r\u00eat \u00e0 l&rsquo;attention de toutes les parties impliqu\u00e9es. Les agents de plaines des soci\u00e9t\u00e9s de plants et des entreprises de transformation de pommes de terre peuvent en discuter avec leurs producteurs. L&rsquo;objectif principal est de faire prendre conscience que tous les acteurs de la cha\u00eene doivent contribuer \u00e0 limiter les erreurs n\u00e9fastes \u00e0 la qualit\u00e9 du plant.<\/p>\n<p>Le \u00ab <em>Projet de la cha\u00eene pour l&rsquo;am\u00e9lioration de la qualit\u00e9 des plants de pommes de terre<\/em> \u00bb est une initiative des membres de NAO et de VAVI et a \u00e9t\u00e9 mis en \u0153uvre par la <em>NAK. Outre NAO et VAVI, BO Akkerbouw cofinance la recherche. Pour plus d&rsquo;informations, visitez <a href=\"https:\/\/www.crkls.nl\/\" target=\"_blank\" rel=\"noopener\">www.crkls.nl<\/a> <\/em><\/p>\n<p>[\/et_pb_text][et_pb_divider _builder_version=\u00a0\u00bb4.23.1&Prime; _module_preset=\u00a0\u00bbdefault\u00a0\u00bb show_divider=\u00a0\u00bboff\u00a0\u00bb height=\u00a0\u00bb250px\u00a0\u00bb hover_enabled=\u00a0\u00bb0&Prime; sticky_enabled=\u00a0\u00bb0&Prime;][\/et_pb_divider][\/et_pb_column][\/et_pb_row][\/et_pb_section]<\/p>\n","protected":false},"excerpt":{"rendered":"<p>La cha\u00eene a un impact sur la qualit\u00e9 des plants de pommes de terreLa mauvaise lev\u00e9e des pommes de terre de consommation est principalement due \u00e0 toutes les actions que subissent les plants de pommes de terre jusqu&rsquo;\u00e0 leur plantation. Les producteurs de plants de pommes de terre, les transporteurs et les producteurs consommateurs ont [&hellip;]<\/p>\n","protected":false},"author":2,"featured_media":0,"parent":0,"menu_order":0,"comment_status":"closed","ping_status":"closed","template":"","meta":{"_et_pb_use_builder":"on","_et_pb_old_content":"<!-- wp:divi\/placeholder \/-->","_et_gb_content_width":"","footnotes":""},"class_list":["post-2611","page","type-page","status-publish","hentry"],"_links":{"self":[{"href":"https:\/\/zuinigoppootgoed.nl\/fr\/wp-json\/wp\/v2\/pages\/2611","targetHints":{"allow":["GET"]}}],"collection":[{"href":"https:\/\/zuinigoppootgoed.nl\/fr\/wp-json\/wp\/v2\/pages"}],"about":[{"href":"https:\/\/zuinigoppootgoed.nl\/fr\/wp-json\/wp\/v2\/types\/page"}],"author":[{"embeddable":true,"href":"https:\/\/zuinigoppootgoed.nl\/fr\/wp-json\/wp\/v2\/users\/2"}],"replies":[{"embeddable":true,"href":"https:\/\/zuinigoppootgoed.nl\/fr\/wp-json\/wp\/v2\/comments?post=2611"}],"version-history":[{"count":30,"href":"https:\/\/zuinigoppootgoed.nl\/fr\/wp-json\/wp\/v2\/pages\/2611\/revisions"}],"predecessor-version":[{"id":3363,"href":"https:\/\/zuinigoppootgoed.nl\/fr\/wp-json\/wp\/v2\/pages\/2611\/revisions\/3363"}],"wp:attachment":[{"href":"https:\/\/zuinigoppootgoed.nl\/fr\/wp-json\/wp\/v2\/media?parent=2611"}],"curies":[{"name":"wp","href":"https:\/\/api.w.org\/{rel}","templated":true}]}}